{"id":14,"date":"2015-03-11T11:30:40","date_gmt":"2015-03-11T10:30:40","guid":{"rendered":"http:\/\/opstluszcz.pl\/?page_id=14"},"modified":"2025-03-07T13:07:34","modified_gmt":"2025-03-07T12:07:34","slug":"kontakt","status":"publish","type":"page","link":"https:\/\/opstluszcz.pl\/?page_id=14","title":{"rendered":"Kontakt"},"content":{"rendered":"<div class=\"entry\">\n<h4 style=\"text-align: center;\"><span style=\"color: #ff0000;\">UWAGA<\/span><\/h4>\n<p><span style=\"color: #ff0000;\">O\u015brodek Pomocy Spo\u0142ecznej &#8211; dzia\u0142 \u015bwiadcze\u0144 rodzinnych<br \/>\nT\u0142uszcz, ul. Warszawska 10 (wej\u015bcie od strony wydzia\u0142u komunikacji).<\/span><\/p>\n<p><span style=\"color: #ff0000;\">TELEFON KONTAKTOWY: 29 642 99 24<\/span><\/p>\n<p><strong>Adres:<\/strong><\/p>\n<p style=\"padding-left: 30px;\">O\u015brodek Pomocy Spo\u0142ecznej<br \/>\nul. Warszawska 10<br \/>\n05-240 T\u0142uszcz<br \/>\nNIP: 762-17-18-619<\/p>\n<p style=\"padding-left: 30px;\">Klub Integracji Spo\u0142ecznej<br \/>\nul. Warszawska 2<br \/>\n05-240 T\u0142uszcz<\/p>\n<p><strong>Kontakt:<\/strong><\/p>\n<p style=\"padding-left: 30px;\">O\u015brodek Pomocy Spo\u0142ecznej &#8211; 29 777 52 90<br \/>\n\u015awiadczenia Rodzinne &#8211; 29 642 99 24<br \/>\nZesp\u00f3\u0142 Interdyscyplinarny &#8211; 29 777 52 95\/96<br \/>\nKlub Integracji Spo\u0142ecznej &#8211; 29 642 99 28<br \/>\nMail &#8211; <a title=\"osrodek@ops.tluszcz.pl\" href=\"mailto:osrodek@ops.tluszcz.pl\">osrodek@ops.tluszcz.pl<\/a><br \/>\n<a href=\"http:\/\/epuap.gov.pl\/\">ePUAP<\/a> &#8211; \/opstluszcz\/skrytka<br \/>\nAdres e-dor\u0119czenia: AE:PL-83971-69097-EICDC-21<\/p>\n<p><strong>Interesanci przyjmowani s\u0105:<\/strong><\/p>\n<table style=\"width: 39.2838%;\">\n<tbody>\n<tr style=\"height: 23px;\">\n<td style=\"width: 18.9286%; height: 23px;\">Poniedzia\u0142ek<\/td>\n<td style=\"width: 34.1284%; height: 23px;\">8:00 &#8211; 16:00<\/td>\n<\/tr>\n<tr style=\"height: 23px;\">\n<td style=\"width: 18.9286%; height: 23px;\">Wtorek<\/td>\n<td style=\"width: 34.1284%; height: 23px;\">8:00 &#8211; 18:00<\/td>\n<\/tr>\n<tr style=\"height: 23px;\">\n<td style=\"width: 18.9286%; height: 23px;\">\u015aroda<\/td>\n<td style=\"width: 34.1284%; height: 23px;\">8:00 &#8211; 16:00<\/td>\n<\/tr>\n<tr style=\"height: 23px;\">\n<td style=\"width: 18.9286%; height: 23px;\">Czwartek<\/td>\n<td style=\"width: 34.1284%; height: 23px;\">Dzie\u0144 wewn\u0119trzny<\/td>\n<\/tr>\n<tr style=\"height: 23px;\">\n<td style=\"width: 18.9286%; height: 19px;\">Pi\u0105tek<\/td>\n<td style=\"width: 34.1284%; height: 19px;\">8:00 &#8211; 14:00<\/td>\n<\/tr>\n<\/tbody>\n<\/table>\n<p><strong>UWAGA:<\/strong><br \/>\nW godzinach 9.30-13.30 od poniedzia\u0142ku do pi\u0105tku pracownicy socjalni mog\u0105 przebywa\u0107 w terenie.<\/p>\n<\/div>\n","protected":false},"excerpt":{"rendered":"<p>UWAGA O\u015brodek Pomocy Spo\u0142ecznej &#8211; dzia\u0142 \u015bwiadcze\u0144 rodzinnych T\u0142uszcz, ul. Warszawska 10 (wej\u015bcie od strony wydzia\u0142u komunikacji). TELEFON KONTAKTOWY: 29 642 99 24 Adres: O\u015brodek Pomocy Spo\u0142ecznej ul. Warszawska 10 05-240 T\u0142uszcz NIP: 762-17-18-619 Klub Integracji Spo\u0142ecznej ul. Warszawska 2 05-240 T\u0142uszcz Kontakt: O\u015brodek Pomocy Spo\u0142ecznej &#8211; 29 777 52 90 \u015awiadczenia Rodzinne &#8211; 29 [&hellip;]<\/p>\n","protected":false},"author":1,"featured_media":0,"parent":0,"menu_order":0,"comment_status":"closed","ping_status":"open","template":"","meta":{"footnotes":""},"class_list":["post-14","page","type-page","status-publish","hentry"],"_links":{"self":[{"href":"https:\/\/opstluszcz.pl\/index.php?rest_route=\/wp\/v2\/pages\/14","targetHints":{"allow":["GET"]}}],"collection":[{"href":"https:\/\/opstluszcz.pl\/index.php?rest_route=\/wp\/v2\/pages"}],"about":[{"href":"https:\/\/opstluszcz.pl\/index.php?rest_route=\/wp\/v2\/types\/page"}],"author":[{"embeddable":true,"href":"https:\/\/opstluszcz.pl\/index.php?rest_route=\/wp\/v2\/users\/1"}],"replies":[{"embeddable":true,"href":"https:\/\/opstluszcz.pl\/index.php?rest_route=%2Fwp%2Fv2%2Fcomments&post=14"}],"version-history":[{"count":29,"href":"https:\/\/opstluszcz.pl\/index.php?rest_route=\/wp\/v2\/pages\/14\/revisions"}],"predecessor-version":[{"id":3705,"href":"https:\/\/opstluszcz.pl\/index.php?rest_route=\/wp\/v2\/pages\/14\/revisions\/3705"}],"wp:attachment":[{"href":"https:\/\/opstluszcz.pl\/index.php?rest_route=%2Fwp%2Fv2%2Fmedia&parent=14"}],"curies":[{"name":"wp","href":"https:\/\/api.w.org\/{rel}","templated":true}]}}